{"id":308,"date":"2025-04-17T01:28:59","date_gmt":"2025-04-17T07:28:59","guid":{"rendered":"https:\/\/alterland.mx\/terminos-y-condiciones\/"},"modified":"2025-05-06T16:32:19","modified_gmt":"2025-05-06T22:32:19","slug":"terminos-y-condiciones","status":"publish","type":"page","link":"https:\/\/alterland.mx\/es\/terminos-y-condiciones\/","title":{"rendered":"T\u00e9rminos y condiciones"},"content":{"rendered":"<div class=\"wpb-content-wrapper\">[vc_row][vc_column width=\u00bb7\/12&#8243;]<div class=\"vcex-spacing wpex-w-100 wpex-clear\" style=\"height:2em;\"><\/div><h1 class=\"vcex-heading vcex-heading-plain vcex-module wpex-heading wpex-text-2xl\"><span class=\"vcex-heading-inner wpex-inline-block\">T\u00e9rminos y condiciones<\/span><\/h1><div class=\"vcex-spacing wpex-w-100 wpex-clear\" style=\"height:2em;\"><\/div>[vc_column_text css=\u00bb\u00bb]Al acceder y utilizar este sitio web, aceptas cumplir con los siguientes t\u00e9rminos y condiciones. Estos t\u00e9rminos pueden actualizarse en cualquier momento sin previo aviso. Alterland se reserva el derecho de modificar o descontinuar cualquier servicio o contenido del sitio sin responsabilidad alguna.<\/p>\n<p>Todo el contenido, incluyendo im\u00e1genes, textos y gr\u00e1ficos, es propiedad de Alterland o sus colaboradores y no puede reproducirse ni utilizarse sin autorizaci\u00f3n por escrito. El uso indebido puede dar lugar a acciones legales.[\/vc_column_text][\/vc_column][\/vc_row]\n<\/div>","protected":false},"excerpt":{"rendered":"<p>[vc_row][vc_column width=\u00bb7\/12&#8243;][vc_column_text css=\u00bb\u00bb]Al acceder y utilizar este sitio web, aceptas cumplir con los siguientes t\u00e9rminos y condiciones. Estos t\u00e9rminos pueden actualizarse en cualquier momento sin previo aviso. Alterland se reserva el derecho de modificar o descontinuar cualquier servicio o contenido del sitio sin responsabilidad alguna. Todo el contenido, incluyendo im\u00e1genes, textos y gr\u00e1ficos, es propiedad&hellip;<\/p>\n","protected":false},"author":1,"featured_media":0,"parent":0,"menu_order":0,"comment_status":"closed","ping_status":"closed","template":"","meta":{"_acf_changed":false,"footnotes":""},"class_list":["post-308","page","type-page","status-publish","hentry","entry","no-media"],"acf":[],"yoast_head":"<!-- This site is optimized with the Yoast SEO plugin v27.4 - https:\/\/yoast.com\/product\/yoast-seo-wordpress\/ -->\n<title>T\u00e9rminos y condiciones - ALTERLAND<\/title>\n<meta name=\"robots\" content=\"index, follow, max-snippet:-1, max-image-preview:large, max-video-preview:-1\" \/>\n<link rel=\"canonical\" href=\"https:\/\/alterland.mx\/es\/terminos-y-condiciones\/\" \/>\n<meta property=\"og:locale\" content=\"es_ES\" \/>\n<meta property=\"og:type\" content=\"article\" \/>\n<meta property=\"og:title\" content=\"T\u00e9rminos y condiciones - ALTERLAND\" \/>\n<meta property=\"og:description\" content=\"[vc_row][vc_column width=\u00bb7\/12&#8243;][vc_column_text css=\u00bb\u00bb]Al acceder y utilizar este sitio web, aceptas cumplir con los siguientes t\u00e9rminos y condiciones. Estos t\u00e9rminos pueden actualizarse en cualquier momento sin previo aviso. Alterland se reserva el derecho de modificar o descontinuar cualquier servicio o contenido del sitio sin responsabilidad alguna. Todo el contenido, incluyendo im\u00e1genes, textos y gr\u00e1ficos, es propiedad&hellip;\" \/>\n<meta property=\"og:url\" content=\"https:\/\/alterland.mx\/es\/terminos-y-condiciones\/\" \/>\n<meta property=\"og:site_name\" content=\"ALTERLAND\" \/>\n<meta property=\"article:modified_time\" content=\"2025-05-06T22:32:19+00:00\" \/>\n<meta name=\"twitter:card\" content=\"summary_large_image\" \/>\n<meta name=\"twitter:label1\" content=\"Tiempo de lectura\" \/>\n\t<meta name=\"twitter:data1\" content=\"1 minuto\" \/>\n<script type=\"application\/ld+json\" class=\"yoast-schema-graph\">{\"@context\":\"https:\\\/\\\/schema.org\",\"@graph\":[{\"@type\":\"WebPage\",\"@id\":\"https:\\\/\\\/alterland.mx\\\/es\\\/terminos-y-condiciones\\\/\",\"url\":\"https:\\\/\\\/alterland.mx\\\/es\\\/terminos-y-condiciones\\\/\",\"name\":\"T\u00e9rminos y condiciones - ALTERLAND\",\"isPartOf\":{\"@id\":\"https:\\\/\\\/alterland.mx\\\/es\\\/#website\"},\"datePublished\":\"2025-04-17T07:28:59+00:00\",\"dateModified\":\"2025-05-06T22:32:19+00:00\",\"breadcrumb\":{\"@id\":\"https:\\\/\\\/alterland.mx\\\/es\\\/terminos-y-condiciones\\\/#breadcrumb\"},\"inLanguage\":\"es\",\"potentialAction\":[{\"@type\":\"ReadAction\",\"target\":[\"https:\\\/\\\/alterland.mx\\\/es\\\/terminos-y-condiciones\\\/\"]}]},{\"@type\":\"BreadcrumbList\",\"@id\":\"https:\\\/\\\/alterland.mx\\\/es\\\/terminos-y-condiciones\\\/#breadcrumb\",\"itemListElement\":[{\"@type\":\"ListItem\",\"position\":1,\"name\":\"Inicio\",\"item\":\"https:\\\/\\\/alterland.mx\\\/es\\\/home\\\/\"},{\"@type\":\"ListItem\",\"position\":2,\"name\":\"T\u00e9rminos y condiciones\"}]},{\"@type\":\"WebSite\",\"@id\":\"https:\\\/\\\/alterland.mx\\\/es\\\/#website\",\"url\":\"https:\\\/\\\/alterland.mx\\\/es\\\/\",\"name\":\"ALTERLAND\",\"description\":\"\",\"publisher\":{\"@id\":\"https:\\\/\\\/alterland.mx\\\/es\\\/#organization\"},\"potentialAction\":[{\"@type\":\"SearchAction\",\"target\":{\"@type\":\"EntryPoint\",\"urlTemplate\":\"https:\\\/\\\/alterland.mx\\\/es\\\/?s={search_term_string}\"},\"query-input\":{\"@type\":\"PropertyValueSpecification\",\"valueRequired\":true,\"valueName\":\"search_term_string\"}}],\"inLanguage\":\"es\"},{\"@type\":\"Organization\",\"@id\":\"https:\\\/\\\/alterland.mx\\\/es\\\/#organization\",\"name\":\"ALTERLAND\",\"url\":\"https:\\\/\\\/alterland.mx\\\/es\\\/\",\"logo\":{\"@type\":\"ImageObject\",\"inLanguage\":\"es\",\"@id\":\"https:\\\/\\\/alterland.mx\\\/es\\\/#\\\/schema\\\/logo\\\/image\\\/\",\"url\":\"https:\\\/\\\/alterland.mx\\\/wp-content\\\/uploads\\\/2025\\\/04\\\/logorojo.svg\",\"contentUrl\":\"https:\\\/\\\/alterland.mx\\\/wp-content\\\/uploads\\\/2025\\\/04\\\/logorojo.svg\",\"caption\":\"ALTERLAND\"},\"image\":{\"@id\":\"https:\\\/\\\/alterland.mx\\\/es\\\/#\\\/schema\\\/logo\\\/image\\\/\"}}]}<\/script>\n<!-- \/ Yoast SEO plugin. -->","yoast_head_json":{"title":"T\u00e9rminos y condiciones - ALTERLAND","robots":{"index":"index","follow":"follow","max-snippet":"max-snippet:-1","max-image-preview":"max-image-preview:large","max-video-preview":"max-video-preview:-1"},"canonical":"https:\/\/alterland.mx\/es\/terminos-y-condiciones\/","og_locale":"es_ES","og_type":"article","og_title":"T\u00e9rminos y condiciones - ALTERLAND","og_description":"[vc_row][vc_column width=\u00bb7\/12&#8243;][vc_column_text css=\u00bb\u00bb]Al acceder y utilizar este sitio web, aceptas cumplir con los siguientes t\u00e9rminos y condiciones. Estos t\u00e9rminos pueden actualizarse en cualquier momento sin previo aviso. Alterland se reserva el derecho de modificar o descontinuar cualquier servicio o contenido del sitio sin responsabilidad alguna. Todo el contenido, incluyendo im\u00e1genes, textos y gr\u00e1ficos, es propiedad&hellip;","og_url":"https:\/\/alterland.mx\/es\/terminos-y-condiciones\/","og_site_name":"ALTERLAND","article_modified_time":"2025-05-06T22:32:19+00:00","twitter_card":"summary_large_image","twitter_misc":{"Tiempo de lectura":"1 minuto"},"schema":{"@context":"https:\/\/schema.org","@graph":[{"@type":"WebPage","@id":"https:\/\/alterland.mx\/es\/terminos-y-condiciones\/","url":"https:\/\/alterland.mx\/es\/terminos-y-condiciones\/","name":"T\u00e9rminos y condiciones - ALTERLAND","isPartOf":{"@id":"https:\/\/alterland.mx\/es\/#website"},"datePublished":"2025-04-17T07:28:59+00:00","dateModified":"2025-05-06T22:32:19+00:00","breadcrumb":{"@id":"https:\/\/alterland.mx\/es\/terminos-y-condiciones\/#breadcrumb"},"inLanguage":"es","potentialAction":[{"@type":"ReadAction","target":["https:\/\/alterland.mx\/es\/terminos-y-condiciones\/"]}]},{"@type":"BreadcrumbList","@id":"https:\/\/alterland.mx\/es\/terminos-y-condiciones\/#breadcrumb","itemListElement":[{"@type":"ListItem","position":1,"name":"Inicio","item":"https:\/\/alterland.mx\/es\/home\/"},{"@type":"ListItem","position":2,"name":"T\u00e9rminos y condiciones"}]},{"@type":"WebSite","@id":"https:\/\/alterland.mx\/es\/#website","url":"https:\/\/alterland.mx\/es\/","name":"ALTERLAND","description":"","publisher":{"@id":"https:\/\/alterland.mx\/es\/#organization"},"potentialAction":[{"@type":"SearchAction","target":{"@type":"EntryPoint","urlTemplate":"https:\/\/alterland.mx\/es\/?s={search_term_string}"},"query-input":{"@type":"PropertyValueSpecification","valueRequired":true,"valueName":"search_term_string"}}],"inLanguage":"es"},{"@type":"Organization","@id":"https:\/\/alterland.mx\/es\/#organization","name":"ALTERLAND","url":"https:\/\/alterland.mx\/es\/","logo":{"@type":"ImageObject","inLanguage":"es","@id":"https:\/\/alterland.mx\/es\/#\/schema\/logo\/image\/","url":"https:\/\/alterland.mx\/wp-content\/uploads\/2025\/04\/logorojo.svg","contentUrl":"https:\/\/alterland.mx\/wp-content\/uploads\/2025\/04\/logorojo.svg","caption":"ALTERLAND"},"image":{"@id":"https:\/\/alterland.mx\/es\/#\/schema\/logo\/image\/"}}]}},"_links":{"self":[{"href":"https:\/\/alterland.mx\/es\/wp-json\/wp\/v2\/pages\/308","targetHints":{"allow":["GET"]}}],"collection":[{"href":"https:\/\/alterland.mx\/es\/wp-json\/wp\/v2\/pages"}],"about":[{"href":"https:\/\/alterland.mx\/es\/wp-json\/wp\/v2\/types\/page"}],"author":[{"embeddable":true,"href":"https:\/\/alterland.mx\/es\/wp-json\/wp\/v2\/users\/1"}],"replies":[{"embeddable":true,"href":"https:\/\/alterland.mx\/es\/wp-json\/wp\/v2\/comments?post=308"}],"version-history":[{"count":1,"href":"https:\/\/alterland.mx\/es\/wp-json\/wp\/v2\/pages\/308\/revisions"}],"predecessor-version":[{"id":309,"href":"https:\/\/alterland.mx\/es\/wp-json\/wp\/v2\/pages\/308\/revisions\/309"}],"wp:attachment":[{"href":"https:\/\/alterland.mx\/es\/wp-json\/wp\/v2\/media?parent=308"}],"curies":[{"name":"wp","href":"https:\/\/api.w.org\/{rel}","templated":true}]}}