{"id":298,"date":"2025-04-17T01:29:11","date_gmt":"2025-04-17T07:29:11","guid":{"rendered":"https:\/\/alterland.mx\/politica-de-privacidad\/"},"modified":"2025-05-06T16:33:33","modified_gmt":"2025-05-06T22:33:33","slug":"politica-de-privacidad","status":"publish","type":"page","link":"https:\/\/alterland.mx\/es\/politica-de-privacidad\/","title":{"rendered":"Pol\u00edtica de privacidad"},"content":{"rendered":"<div class=\"wpb-content-wrapper\">[vc_row][vc_column width=\u00bb7\/12&#8243;]<div class=\"vcex-spacing wpex-w-100 wpex-clear\" style=\"height:2em;\"><\/div><h1 class=\"vcex-heading vcex-heading-plain vcex-module wpex-heading wpex-text-2xl\"><span class=\"vcex-heading-inner wpex-inline-block\">Pol\u00edtica de privacidad<\/span><\/h1><div class=\"vcex-spacing wpex-w-100 wpex-clear\" style=\"height:2em;\"><\/div>[vc_column_text css=\u00bb\u00bb]Alterland se compromete a proteger tu privacidad. Cualquier informaci\u00f3n personal que proporciones a trav\u00e9s de este sitio ser\u00e1 utilizada \u00fanicamente para fines de comunicaci\u00f3n y prestaci\u00f3n de servicios, y no ser\u00e1 compartida con terceros sin tu consentimiento.<\/p>\n<p>Podemos recopilar datos para mejorar la experiencia del usuario y el rendimiento del sitio. Al usar este sitio, aceptas el uso de cookies y los t\u00e9rminos establecidos en este aviso.[\/vc_column_text][\/vc_column][\/vc_row]\n<\/div>","protected":false},"excerpt":{"rendered":"<p>[vc_row][vc_column width=\u00bb7\/12&#8243;][vc_column_text css=\u00bb\u00bb]Alterland se compromete a proteger tu privacidad. Cualquier informaci\u00f3n personal que proporciones a trav\u00e9s de este sitio ser\u00e1 utilizada \u00fanicamente para fines de comunicaci\u00f3n y prestaci\u00f3n de servicios, y no ser\u00e1 compartida con terceros sin tu consentimiento. Podemos recopilar datos para mejorar la experiencia del usuario y el rendimiento del sitio. Al usar&hellip;<\/p>\n","protected":false},"author":1,"featured_media":0,"parent":0,"menu_order":0,"comment_status":"closed","ping_status":"closed","template":"","meta":{"_acf_changed":false,"footnotes":""},"class_list":["post-298","page","type-page","status-publish","hentry","entry","no-media"],"acf":[],"yoast_head":"<!-- This site is optimized with the Yoast SEO plugin v27.4 - https:\/\/yoast.com\/product\/yoast-seo-wordpress\/ -->\n<title>Pol\u00edtica de privacidad - ALTERLAND<\/title>\n<meta name=\"robots\" content=\"index, follow, max-snippet:-1, max-image-preview:large, max-video-preview:-1\" \/>\n<link rel=\"canonical\" href=\"https:\/\/alterland.mx\/es\/politica-de-privacidad\/\" \/>\n<meta property=\"og:locale\" content=\"es_ES\" \/>\n<meta property=\"og:type\" content=\"article\" \/>\n<meta property=\"og:title\" content=\"Pol\u00edtica de privacidad - ALTERLAND\" \/>\n<meta property=\"og:description\" content=\"[vc_row][vc_column width=\u00bb7\/12&#8243;][vc_column_text css=\u00bb\u00bb]Alterland se compromete a proteger tu privacidad. Cualquier informaci\u00f3n personal que proporciones a trav\u00e9s de este sitio ser\u00e1 utilizada \u00fanicamente para fines de comunicaci\u00f3n y prestaci\u00f3n de servicios, y no ser\u00e1 compartida con terceros sin tu consentimiento. Podemos recopilar datos para mejorar la experiencia del usuario y el rendimiento del sitio. Al usar&hellip;\" \/>\n<meta property=\"og:url\" content=\"https:\/\/alterland.mx\/es\/politica-de-privacidad\/\" \/>\n<meta property=\"og:site_name\" content=\"ALTERLAND\" \/>\n<meta property=\"article:modified_time\" content=\"2025-05-06T22:33:33+00:00\" \/>\n<meta name=\"twitter:card\" content=\"summary_large_image\" \/>\n<meta name=\"twitter:label1\" content=\"Tiempo de lectura\" \/>\n\t<meta name=\"twitter:data1\" content=\"1 minuto\" \/>\n<script type=\"application\/ld+json\" class=\"yoast-schema-graph\">{\"@context\":\"https:\\\/\\\/schema.org\",\"@graph\":[{\"@type\":\"WebPage\",\"@id\":\"https:\\\/\\\/alterland.mx\\\/es\\\/politica-de-privacidad\\\/\",\"url\":\"https:\\\/\\\/alterland.mx\\\/es\\\/politica-de-privacidad\\\/\",\"name\":\"Pol\u00edtica de privacidad - ALTERLAND\",\"isPartOf\":{\"@id\":\"https:\\\/\\\/alterland.mx\\\/es\\\/#website\"},\"datePublished\":\"2025-04-17T07:29:11+00:00\",\"dateModified\":\"2025-05-06T22:33:33+00:00\",\"breadcrumb\":{\"@id\":\"https:\\\/\\\/alterland.mx\\\/es\\\/politica-de-privacidad\\\/#breadcrumb\"},\"inLanguage\":\"es\",\"potentialAction\":[{\"@type\":\"ReadAction\",\"target\":[\"https:\\\/\\\/alterland.mx\\\/es\\\/politica-de-privacidad\\\/\"]}]},{\"@type\":\"BreadcrumbList\",\"@id\":\"https:\\\/\\\/alterland.mx\\\/es\\\/politica-de-privacidad\\\/#breadcrumb\",\"itemListElement\":[{\"@type\":\"ListItem\",\"position\":1,\"name\":\"Inicio\",\"item\":\"https:\\\/\\\/alterland.mx\\\/es\\\/home\\\/\"},{\"@type\":\"ListItem\",\"position\":2,\"name\":\"Pol\u00edtica de privacidad\"}]},{\"@type\":\"WebSite\",\"@id\":\"https:\\\/\\\/alterland.mx\\\/es\\\/#website\",\"url\":\"https:\\\/\\\/alterland.mx\\\/es\\\/\",\"name\":\"ALTERLAND\",\"description\":\"\",\"publisher\":{\"@id\":\"https:\\\/\\\/alterland.mx\\\/es\\\/#organization\"},\"potentialAction\":[{\"@type\":\"SearchAction\",\"target\":{\"@type\":\"EntryPoint\",\"urlTemplate\":\"https:\\\/\\\/alterland.mx\\\/es\\\/?s={search_term_string}\"},\"query-input\":{\"@type\":\"PropertyValueSpecification\",\"valueRequired\":true,\"valueName\":\"search_term_string\"}}],\"inLanguage\":\"es\"},{\"@type\":\"Organization\",\"@id\":\"https:\\\/\\\/alterland.mx\\\/es\\\/#organization\",\"name\":\"ALTERLAND\",\"url\":\"https:\\\/\\\/alterland.mx\\\/es\\\/\",\"logo\":{\"@type\":\"ImageObject\",\"inLanguage\":\"es\",\"@id\":\"https:\\\/\\\/alterland.mx\\\/es\\\/#\\\/schema\\\/logo\\\/image\\\/\",\"url\":\"https:\\\/\\\/alterland.mx\\\/wp-content\\\/uploads\\\/2025\\\/04\\\/logorojo.svg\",\"contentUrl\":\"https:\\\/\\\/alterland.mx\\\/wp-content\\\/uploads\\\/2025\\\/04\\\/logorojo.svg\",\"caption\":\"ALTERLAND\"},\"image\":{\"@id\":\"https:\\\/\\\/alterland.mx\\\/es\\\/#\\\/schema\\\/logo\\\/image\\\/\"}}]}<\/script>\n<!-- \/ Yoast SEO plugin. -->","yoast_head_json":{"title":"Pol\u00edtica de privacidad - ALTERLAND","robots":{"index":"index","follow":"follow","max-snippet":"max-snippet:-1","max-image-preview":"max-image-preview:large","max-video-preview":"max-video-preview:-1"},"canonical":"https:\/\/alterland.mx\/es\/politica-de-privacidad\/","og_locale":"es_ES","og_type":"article","og_title":"Pol\u00edtica de privacidad - ALTERLAND","og_description":"[vc_row][vc_column width=\u00bb7\/12&#8243;][vc_column_text css=\u00bb\u00bb]Alterland se compromete a proteger tu privacidad. Cualquier informaci\u00f3n personal que proporciones a trav\u00e9s de este sitio ser\u00e1 utilizada \u00fanicamente para fines de comunicaci\u00f3n y prestaci\u00f3n de servicios, y no ser\u00e1 compartida con terceros sin tu consentimiento. Podemos recopilar datos para mejorar la experiencia del usuario y el rendimiento del sitio. Al usar&hellip;","og_url":"https:\/\/alterland.mx\/es\/politica-de-privacidad\/","og_site_name":"ALTERLAND","article_modified_time":"2025-05-06T22:33:33+00:00","twitter_card":"summary_large_image","twitter_misc":{"Tiempo de lectura":"1 minuto"},"schema":{"@context":"https:\/\/schema.org","@graph":[{"@type":"WebPage","@id":"https:\/\/alterland.mx\/es\/politica-de-privacidad\/","url":"https:\/\/alterland.mx\/es\/politica-de-privacidad\/","name":"Pol\u00edtica de privacidad - ALTERLAND","isPartOf":{"@id":"https:\/\/alterland.mx\/es\/#website"},"datePublished":"2025-04-17T07:29:11+00:00","dateModified":"2025-05-06T22:33:33+00:00","breadcrumb":{"@id":"https:\/\/alterland.mx\/es\/politica-de-privacidad\/#breadcrumb"},"inLanguage":"es","potentialAction":[{"@type":"ReadAction","target":["https:\/\/alterland.mx\/es\/politica-de-privacidad\/"]}]},{"@type":"BreadcrumbList","@id":"https:\/\/alterland.mx\/es\/politica-de-privacidad\/#breadcrumb","itemListElement":[{"@type":"ListItem","position":1,"name":"Inicio","item":"https:\/\/alterland.mx\/es\/home\/"},{"@type":"ListItem","position":2,"name":"Pol\u00edtica de privacidad"}]},{"@type":"WebSite","@id":"https:\/\/alterland.mx\/es\/#website","url":"https:\/\/alterland.mx\/es\/","name":"ALTERLAND","description":"","publisher":{"@id":"https:\/\/alterland.mx\/es\/#organization"},"potentialAction":[{"@type":"SearchAction","target":{"@type":"EntryPoint","urlTemplate":"https:\/\/alterland.mx\/es\/?s={search_term_string}"},"query-input":{"@type":"PropertyValueSpecification","valueRequired":true,"valueName":"search_term_string"}}],"inLanguage":"es"},{"@type":"Organization","@id":"https:\/\/alterland.mx\/es\/#organization","name":"ALTERLAND","url":"https:\/\/alterland.mx\/es\/","logo":{"@type":"ImageObject","inLanguage":"es","@id":"https:\/\/alterland.mx\/es\/#\/schema\/logo\/image\/","url":"https:\/\/alterland.mx\/wp-content\/uploads\/2025\/04\/logorojo.svg","contentUrl":"https:\/\/alterland.mx\/wp-content\/uploads\/2025\/04\/logorojo.svg","caption":"ALTERLAND"},"image":{"@id":"https:\/\/alterland.mx\/es\/#\/schema\/logo\/image\/"}}]}},"_links":{"self":[{"href":"https:\/\/alterland.mx\/es\/wp-json\/wp\/v2\/pages\/298","targetHints":{"allow":["GET"]}}],"collection":[{"href":"https:\/\/alterland.mx\/es\/wp-json\/wp\/v2\/pages"}],"about":[{"href":"https:\/\/alterland.mx\/es\/wp-json\/wp\/v2\/types\/page"}],"author":[{"embeddable":true,"href":"https:\/\/alterland.mx\/es\/wp-json\/wp\/v2\/users\/1"}],"replies":[{"embeddable":true,"href":"https:\/\/alterland.mx\/es\/wp-json\/wp\/v2\/comments?post=298"}],"version-history":[{"count":7,"href":"https:\/\/alterland.mx\/es\/wp-json\/wp\/v2\/pages\/298\/revisions"}],"predecessor-version":[{"id":311,"href":"https:\/\/alterland.mx\/es\/wp-json\/wp\/v2\/pages\/298\/revisions\/311"}],"wp:attachment":[{"href":"https:\/\/alterland.mx\/es\/wp-json\/wp\/v2\/media?parent=298"}],"curies":[{"name":"wp","href":"https:\/\/api.w.org\/{rel}","templated":true}]}}