{"id":287,"date":"2025-04-05T18:12:04","date_gmt":"2025-04-06T00:12:04","guid":{"rendered":"https:\/\/alterland.mx\/home\/"},"modified":"2025-08-04T18:08:43","modified_gmt":"2025-08-05T00:08:43","slug":"home","status":"publish","type":"page","link":"https:\/\/alterland.mx\/es\/","title":{"rendered":"Home"},"content":{"rendered":"<div class=\"wpb-content-wrapper\">[vc_row css_animation=\u00bbfadeIn\u00bb full_width=\u00bbstretch_row_content_no_spaces\u00bb remove_bottom_col_margin=\u00bbtrue\u00bb el_class=\u00bbajo_100svh\u00bb wpex_bg_color=\u00bbpalette-125&#8243; min_height=\u00bb100svh\u00bb][vc_column]<div class=\"vcex-image-carousel wpex-carousel wpex-carousel-images wpex-clr vcex-module  wpb_animate_when_almost_visible wpb_fadeIn fadeIn ajo_dots_centered ajo_100svh_img\" data-wpex-carousel=\"{&quot;nav&quot;:&quot;false&quot;,&quot;dots&quot;:&quot;true&quot;,&quot;slideBy&quot;:1,&quot;margin&quot;:0,&quot;items&quot;:1,&quot;responsive&quot;:{&quot;0&quot;:{&quot;items&quot;:1},&quot;480&quot;:{&quot;items&quot;:1},&quot;768&quot;:{&quot;items&quot;:1},&quot;960&quot;:{&quot;items&quot;:1}}}\"><div class=\"wpex-carousel-slide wpex-text-center\"><figure class=\"wpex-carousel-entry-media entry-media wpex-relative\"><img width=\"2560\" height=\"1969\" src=\"https:\/\/alterland.mx\/wp-content\/uploads\/2025\/04\/f1.jpg\" class=\"wpex-align-middle skip-lazy\" alt=\"\" data-no-lazy=\"1\" srcset=\"https:\/\/alterland.mx\/wp-content\/uploads\/2025\/04\/f1.jpg 2560w, https:\/\/alterland.mx\/wp-content\/uploads\/2025\/04\/f1-300x231.jpg 300w, https:\/\/alterland.mx\/wp-content\/uploads\/2025\/04\/f1-1024x788.jpg 1024w, https:\/\/alterland.mx\/wp-content\/uploads\/2025\/04\/f1-768x591.jpg 768w, https:\/\/alterland.mx\/wp-content\/uploads\/2025\/04\/f1-1536x1181.jpg 1536w, https:\/\/alterland.mx\/wp-content\/uploads\/2025\/04\/f1-2048x1575.jpg 2048w\" sizes=\"(max-width: 2560px) 100vw, 2560px\" loading=\"eager\" \/><\/figure><\/div><div class=\"wpex-carousel-slide wpex-text-center\"><figure class=\"wpex-carousel-entry-media entry-media wpex-relative\"><img width=\"2048\" height=\"2560\" src=\"https:\/\/alterland.mx\/wp-content\/uploads\/2025\/04\/MLG07698.jpg\" class=\"wpex-align-middle skip-lazy\" alt=\"\" data-no-lazy=\"1\" srcset=\"https:\/\/alterland.mx\/wp-content\/uploads\/2025\/04\/MLG07698.jpg 2048w, https:\/\/alterland.mx\/wp-content\/uploads\/2025\/04\/MLG07698-240x300.jpg 240w, https:\/\/alterland.mx\/wp-content\/uploads\/2025\/04\/MLG07698-819x1024.jpg 819w, https:\/\/alterland.mx\/wp-content\/uploads\/2025\/04\/MLG07698-768x960.jpg 768w, https:\/\/alterland.mx\/wp-content\/uploads\/2025\/04\/MLG07698-1229x1536.jpg 1229w, https:\/\/alterland.mx\/wp-content\/uploads\/2025\/04\/MLG07698-1638x2048.jpg 1638w\" sizes=\"(max-width: 2048px) 100vw, 2048px\" loading=\"eager\" \/><\/figure><\/div><\/div><figure class=\"vcex-image vcex-module logo-centrado\"><div class=\"vcex-image-inner wpex-relative wpex-inline-block\"><img width=\"9999\" src=\"https:\/\/alterland.mx\/wp-content\/uploads\/2025\/04\/logo2claro.svg\" class=\"vcex-image-img wpex-align-middle skip-lazy\" alt=\"\" data-no-lazy=\"1\" loading=\"eager\" \/><\/div><\/figure>[\/vc_column][\/vc_row][vc_row full_width=\u00bbstretch_row_content_no_spaces\u00bb content_placement=\u00bbmiddle\u00bb equal_height=\u00bbyes\u00bb remove_bottom_col_margin=\u00bbtrue\u00bb el_class=\u00bbajo_100svh ajo_dos_columnas\u00bb wpex_bg_overlay=\u00bbcustom\u00bb wpex_bg_overlay_color=\u00bbpalette-125&#8243; wpex_bg_overlay_opacity=\u00bb20%\u00bb][vc_column width=\u00bb1\/2&#8243; css=\u00bb.vc_custom_1744849190352{background-image: url(https:\/\/alterland.mx\/wp-content\/uploads\/2025\/04\/DSC_1387.jpg?id=129) !important;background-position: center !important;background-repeat: no-repeat !important;background-size: cover !important;}\u00bb wpex_bg_overlay=\u00bbcustom\u00bb wpex_bg_overlay_color=\u00bb#666666&#8243; wpex_bg_overlay_opacity=\u00bb30%\u00bb]<style>.vcex-image-banner.vcex_69e4d8cd8f822 .vcex-ib-overlay-bg{background-color:var(--wpex-palette-125-color);opacity:0.2;}.vcex-image-banner.vcex_69e4d8cd8f822 .vcex-ib-title{font-size:var(--wpex-text-xl);font-weight:400;}.vcex-image-banner.vcex_69e4d8cd8f822{--vcex-image-banner-zoom:1.05;}<\/style><a class=\"vcex-module vcex-image-banner vcex-fill-column vcex-image-banner-has-link wpex-no-underline wpex-flex wpex-flex-col wpex-w-100 wpex-justify-center wpex-relative wpex-overflow-hidden wpex-bg-gray-900 wpex-text-white wpex-hover-text-white wpex-text-center vcex-h-zoom wpex-isolate vcex-has-img-tag vcex_69e4d8cd8f822\" href=\"https:\/\/book.mazul.mx\/\" target=\"_blank\" rel=\"nofollow noopener noreferrer\"><img  src=\"https:\/\/alterland.mx\/wp-content\/uploads\/2025\/04\/DSC_1387.jpg\" class=\"vcex-ib-img wpex-block wpex-transition-all wpex-duration-500\" alt=\"\"><div class=\"vcex-ib-overlay wpex-absolute wpex-inset-0 wpex-transition-all wpex-duration-500\"><div class=\"vcex-ib-overlay-bg wpex-absolute wpex-inset-0 wpex-bg-black wpex-opacity-30\"><\/div><\/div><div class=\"vcex-ib-content-wrap wpex-w-100 wpex-transition-all wpex-duration-500 wpex-absolute wpex-inset-0 wpex-flex wpex-items-center wpex-p-30\"><div class=\"vcex-ib-content wpex-flex-grow wpex-mx-auto\"><span class=\"vcex-ib-title wpex-heading wpex-text-4xl wpex-inherit-color-important\">RENTA UNA <br>PROPIEDAD<\/span><\/div><\/div><\/a>[\/vc_column][vc_column width=\u00bb1\/2&#8243; css=\u00bb.vc_custom_1744849202124{background-image: url(https:\/\/alterland.mx\/wp-content\/uploads\/2025\/04\/DSC_1375.jpg?id=127) !important;background-position: center !important;background-repeat: no-repeat !important;background-size: cover !important;}\u00bb wpex_bg_overlay=\u00bbcustom\u00bb wpex_bg_overlay_color=\u00bbpalette-125&#8243; wpex_bg_overlay_opacity=\u00bb30%\u00bb]<style>.vcex-image-banner.vcex_69e4d8cd90707 .vcex-ib-overlay-bg{background-color:var(--wpex-palette-125-color);opacity:0.2;}.vcex-image-banner.vcex_69e4d8cd90707 .vcex-ib-title{font-size:var(--wpex-text-xl);font-weight:400;}.vcex-image-banner.vcex_69e4d8cd90707{--vcex-image-banner-zoom:1.05;}<\/style><a class=\"vcex-module vcex-image-banner vcex-fill-column vcex-image-banner-has-link wpex-no-underline wpex-flex wpex-flex-col wpex-w-100 wpex-justify-center wpex-relative wpex-overflow-hidden wpex-bg-gray-900 wpex-text-white wpex-hover-text-white wpex-text-center vcex-h-zoom wpex-isolate vcex-has-img-tag vcex_69e4d8cd90707\" href=\"https:\/\/alterland.mx\/es\/renta-o-compra\/\"><img  src=\"https:\/\/alterland.mx\/wp-content\/uploads\/2025\/04\/DSC_1375.jpg\" class=\"vcex-ib-img wpex-block wpex-transition-all wpex-duration-500\" alt=\"\"><div class=\"vcex-ib-overlay wpex-absolute wpex-inset-0 wpex-transition-all wpex-duration-500\"><div class=\"vcex-ib-overlay-bg wpex-absolute wpex-inset-0 wpex-bg-black wpex-opacity-30\"><\/div><\/div><div class=\"vcex-ib-content-wrap wpex-w-100 wpex-transition-all wpex-duration-500 wpex-absolute wpex-inset-0 wpex-flex wpex-items-center wpex-p-30\"><div class=\"vcex-ib-content wpex-flex-grow wpex-mx-auto\"><span class=\"vcex-ib-title wpex-heading wpex-text-4xl wpex-inherit-color-important\">COMPRA UNA <br>PROPIEDAD<\/span><\/div><\/div><\/a>[\/vc_column][\/vc_row][vc_row full_width=\u00bbstretch_row_content_no_spaces\u00bb content_placement=\u00bbmiddle\u00bb remove_bottom_col_margin=\u00bbtrue\u00bb el_class=\u00bbajo_100svh ajo_dos_columnas\u00bb][vc_column width=\u00bb1\/2&#8243; css=\u00bb.vc_custom_1744852788876{background-position: center !important;background-repeat: no-repeat !important;background-size: cover !important;}\u00bb el_class=\u00bbcontenido_interior\u00bb][vc_column_text css=\u00bb\u00bb font_size=\u00bblg\u00bb el_class=\u00bbtexto-interior\u00bb]Alterland es una desarrolladora inmobiliaria especializada en crear experiencias \u00fanicas con un enfoque sostenible. Ofrecemos un servicio integral que abarca desde el dise\u00f1o arquitect\u00f3nico y el desarrollo de proyectos, hasta la venta, administraci\u00f3n y gesti\u00f3n completa de propiedades.<\/p>\n<p>Todos nuestros desarrollos son dise\u00f1ados por el Centro de Colaboraci\u00f3n Arquitect\u00f3nica (CCA), una reconocida firma galardonada con m\u00faltiples premios internacionales de arquitectura.<br \/>\n[\/vc_column_text]<div class=\"vcex-spacing wpex-w-100 wpex-clear\" style=\"height:2em;\"><\/div><style>.vcex-flex-container_69e4d8cd91d3c > * {flex-basis:50%;flex-grow:0;flex-shrink:1;}.vcex-image.vcex_69e4d8cd9212b .vcex-image-inner{max-width:80%;}.vcex-image.vcex_69e4d8cdb6a78 .vcex-image-inner{max-width:80%;}<\/style><div class=\"vcex-flex-container vcex-module wpex-flex wpex-gap-20 wpex-items-center wpex-justify-between flex-interior vcex-flex-container_69e4d8cd91d3c\"><figure class=\"vcex-image vcex-module vcex_69e4d8cd9212b\"><div class=\"vcex-image-inner wpex-relative wpex-inline-block\"><img width=\"9999\" loading=\"lazy\" class=\"vcex-image-img wpex-align-middle\" decoding=\"async\" src=\"https:\/\/alterland.mx\/wp-content\/uploads\/2025\/04\/logo2rojo.svg\" alt=\"\"><\/div><\/figure><figure class=\"vcex-image vcex-module wpex-text-right vcex_69e4d8cdb6a78\"><div class=\"vcex-image-inner wpex-relative wpex-inline-block\"><img width=\"2560\" height=\"830\" src=\"https:\/\/alterland.mx\/wp-content\/uploads\/2025\/04\/Logo_Apilado_Negro.png\" class=\"vcex-image-img wpex-align-middle\" alt=\"\" loading=\"eager\" decoding=\"async\" srcset=\"https:\/\/alterland.mx\/wp-content\/uploads\/2025\/04\/Logo_Apilado_Negro.png 2560w, https:\/\/alterland.mx\/wp-content\/uploads\/2025\/04\/Logo_Apilado_Negro-300x97.png 300w, https:\/\/alterland.mx\/wp-content\/uploads\/2025\/04\/Logo_Apilado_Negro-1024x332.png 1024w, https:\/\/alterland.mx\/wp-content\/uploads\/2025\/04\/Logo_Apilado_Negro-768x249.png 768w, https:\/\/alterland.mx\/wp-content\/uploads\/2025\/04\/Logo_Apilado_Negro-1536x498.png 1536w, https:\/\/alterland.mx\/wp-content\/uploads\/2025\/04\/Logo_Apilado_Negro-2048x664.png 2048w\" sizes=\"auto, (max-width: 2560px) 100vw, 2560px\" \/><\/div><\/figure><\/div>[\/vc_column][vc_column width=\u00bb1\/2&#8243; css=\u00bb.vc_custom_1744937307044{background-image: url(https:\/\/alterland.mx\/wp-content\/uploads\/2025\/04\/DSC_1119.jpg?id=131) !important;background-position: center !important;background-repeat: no-repeat !important;background-size: cover !important;}\u00bb][\/vc_column][\/vc_row][vc_row full_width=\u00bbstretch_row_content_no_spaces\u00bb content_placement=\u00bbmiddle\u00bb remove_bottom_col_margin=\u00bbtrue\u00bb columns_right=\u00bbyes\u00bb el_class=\u00bbajo_100svh ajo_dos_columnas\u00bb][vc_column width=\u00bb1\/2&#8243; css=\u00bb.vc_custom_1744852953801{background-position: center !important;background-repeat: no-repeat !important;background-size: cover !important;}\u00bb el_class=\u00bbcontenido_interior\u00bb][vc_column_text css=\u00bb\u00bb font_size=\u00bblg\u00bb el_class=\u00bbtexto-interior\u00bb]\n<p style=\"text-align: center;\">Compra una casa de vacaciones y rel\u00e1jate \u2013<br \/>\nNosotros nos encargamos de todo.<\/p>\n<p style=\"text-align: center;\"><strong>Hazte due\u00f1o de una propiedad vacacional<\/strong> \u2013<br \/>\nInvierte en un destino de ensue\u00f1o.<\/p>\n<p style=\"text-align: center;\"><strong>Gesti\u00f3n sin complicaciones<\/strong> \u2013<br \/>\nNos ocupamos de todo: desde el mantenimiento hasta las rentas.<\/p>\n<p style=\"text-align: center;\"><strong>Disfruta y genera ingresos<\/strong> \u2013<br \/>\nVive en tu casa cuando quieras y obt\u00e9n ganancias cuando no la uses.<\/p>\n[\/vc_column_text][\/vc_column][vc_column width=\u00bb1\/2&#8243; css=\u00bb.vc_custom_1748047696514{background-image: url(https:\/\/alterland.mx\/wp-content\/uploads\/2025\/05\/MLG07941.jpg?id=366) !important;background-position: center !important;background-repeat: no-repeat !important;background-size: cover !important;}\u00bb wpex_bg_overlay=\u00bbcustom\u00bb wpex_bg_overlay_color=\u00bbpalette-125&#8243; wpex_bg_overlay_opacity=\u00bb30%\u00bb][\/vc_column][\/vc_row]\n<\/div>","protected":false},"excerpt":{"rendered":"<p>[vc_row css_animation=\u00bbfadeIn\u00bb full_width=\u00bbstretch_row_content_no_spaces\u00bb remove_bottom_col_margin=\u00bbtrue\u00bb el_class=\u00bbajo_100svh\u00bb wpex_bg_color=\u00bbpalette-125&#8243; min_height=\u00bb100svh\u00bb][vc_column][\/vc_column][\/vc_row][vc_row full_width=\u00bbstretch_row_content_no_spaces\u00bb content_placement=\u00bbmiddle\u00bb equal_height=\u00bbyes\u00bb remove_bottom_col_margin=\u00bbtrue\u00bb el_class=\u00bbajo_100svh ajo_dos_columnas\u00bb wpex_bg_overlay=\u00bbcustom\u00bb wpex_bg_overlay_color=\u00bbpalette-125&#8243; wpex_bg_overlay_opacity=\u00bb20%\u00bb][vc_column width=\u00bb1\/2&#8243; css=\u00bb.vc_custom_1744849190352{background-image: url(https:\/\/alterland.mx\/wp-content\/uploads\/2025\/04\/DSC_1387.jpg?id=129) !important;background-position: center !important;background-repeat: no-repeat !important;background-size: cover !important;}\u00bb wpex_bg_overlay=\u00bbcustom\u00bb wpex_bg_overlay_color=\u00bb#666666&#8243; wpex_bg_overlay_opacity=\u00bb30%\u00bb][\/vc_column][vc_column width=\u00bb1\/2&#8243; css=\u00bb.vc_custom_1744849202124{background-image: url(https:\/\/alterland.mx\/wp-content\/uploads\/2025\/04\/DSC_1375.jpg?id=127) !important;background-position: center !important;background-repeat: no-repeat !important;background-size: cover !important;}\u00bb wpex_bg_overlay=\u00bbcustom\u00bb wpex_bg_overlay_color=\u00bbpalette-125&#8243; wpex_bg_overlay_opacity=\u00bb30%\u00bb][\/vc_column][\/vc_row][vc_row full_width=\u00bbstretch_row_content_no_spaces\u00bb content_placement=\u00bbmiddle\u00bb remove_bottom_col_margin=\u00bbtrue\u00bb el_class=\u00bbajo_100svh ajo_dos_columnas\u00bb][vc_column width=\u00bb1\/2&#8243; css=\u00bb.vc_custom_1744852788876{background-position: center !important;background-repeat: no-repeat !important;background-size: cover !important;}\u00bb&hellip;<\/p>\n","protected":false},"author":1,"featured_media":128,"parent":0,"menu_order":0,"comment_status":"closed","ping_status":"closed","template":"","meta":{"_acf_changed":false,"footnotes":""},"class_list":["post-287","page","type-page","status-publish","has-post-thumbnail","hentry","entry","no-media"],"acf":[],"yoast_head":"<!-- This site is optimized with the Yoast SEO plugin v27.4 - https:\/\/yoast.com\/product\/yoast-seo-wordpress\/ -->\n<title>ALTERLAND<\/title>\n<meta name=\"robots\" content=\"index, follow, max-snippet:-1, max-image-preview:large, max-video-preview:-1\" \/>\n<link rel=\"canonical\" href=\"https:\/\/alterland.mx\/es\/\" \/>\n<meta property=\"og:locale\" content=\"es_ES\" \/>\n<meta property=\"og:type\" content=\"article\" \/>\n<meta property=\"og:title\" content=\"ALTERLAND\" \/>\n<meta property=\"og:description\" content=\"[vc_row css_animation=\u00bbfadeIn\u00bb full_width=\u00bbstretch_row_content_no_spaces\u00bb remove_bottom_col_margin=\u00bbtrue\u00bb el_class=\u00bbajo_100svh\u00bb wpex_bg_color=\u00bbpalette-125&#8243; min_height=\u00bb100svh\u00bb][vc_column][\/vc_column][\/vc_row][vc_row full_width=\u00bbstretch_row_content_no_spaces\u00bb content_placement=\u00bbmiddle\u00bb equal_height=\u00bbyes\u00bb remove_bottom_col_margin=\u00bbtrue\u00bb el_class=\u00bbajo_100svh ajo_dos_columnas\u00bb wpex_bg_overlay=\u00bbcustom\u00bb wpex_bg_overlay_color=\u00bbpalette-125&#8243; wpex_bg_overlay_opacity=\u00bb20%\u00bb][vc_column width=\u00bb1\/2&#8243; css=\u00bb.vc_custom_1744849190352{background-image: url(https:\/\/alterland.mx\/wp-content\/uploads\/2025\/04\/DSC_1387.jpg?id=129) !important;background-position: center !important;background-repeat: no-repeat !important;background-size: cover !important;}\u00bb wpex_bg_overlay=\u00bbcustom\u00bb wpex_bg_overlay_color=\u00bb#666666&#8243; wpex_bg_overlay_opacity=\u00bb30%\u00bb][\/vc_column][vc_column width=\u00bb1\/2&#8243; css=\u00bb.vc_custom_1744849202124{background-image: url(https:\/\/alterland.mx\/wp-content\/uploads\/2025\/04\/DSC_1375.jpg?id=127) !important;background-position: center !important;background-repeat: no-repeat !important;background-size: cover !important;}\u00bb wpex_bg_overlay=\u00bbcustom\u00bb wpex_bg_overlay_color=\u00bbpalette-125&#8243; wpex_bg_overlay_opacity=\u00bb30%\u00bb][\/vc_column][\/vc_row][vc_row full_width=\u00bbstretch_row_content_no_spaces\u00bb content_placement=\u00bbmiddle\u00bb remove_bottom_col_margin=\u00bbtrue\u00bb el_class=\u00bbajo_100svh ajo_dos_columnas\u00bb][vc_column width=\u00bb1\/2&#8243; css=\u00bb.vc_custom_1744852788876{background-position: center !important;background-repeat: no-repeat !important;background-size: cover !important;}\u00bb&hellip;\" \/>\n<meta property=\"og:url\" content=\"https:\/\/alterland.mx\/es\/\" \/>\n<meta property=\"og:site_name\" content=\"ALTERLAND\" \/>\n<meta property=\"article:modified_time\" content=\"2025-08-05T00:08:43+00:00\" \/>\n<meta property=\"og:image\" content=\"https:\/\/alterland.mx\/wp-content\/uploads\/2025\/04\/DSC_1375.jpg\" \/>\n\t<meta property=\"og:image:width\" content=\"2278\" \/>\n\t<meta property=\"og:image:height\" content=\"2560\" \/>\n\t<meta property=\"og:image:type\" content=\"image\/jpeg\" \/>\n<meta name=\"twitter:card\" content=\"summary_large_image\" \/>\n<meta name=\"twitter:label1\" content=\"Tiempo de lectura\" \/>\n\t<meta name=\"twitter:data1\" content=\"3 minutos\" \/>\n<script type=\"application\/ld+json\" class=\"yoast-schema-graph\">{\"@context\":\"https:\\\/\\\/schema.org\",\"@graph\":[{\"@type\":\"WebPage\",\"@id\":\"https:\\\/\\\/alterland.mx\\\/es\\\/\",\"url\":\"https:\\\/\\\/alterland.mx\\\/es\\\/\",\"name\":\"ALTERLAND\",\"isPartOf\":{\"@id\":\"https:\\\/\\\/alterland.mx\\\/es\\\/#website\"},\"primaryImageOfPage\":{\"@id\":\"https:\\\/\\\/alterland.mx\\\/es\\\/#primaryimage\"},\"image\":{\"@id\":\"https:\\\/\\\/alterland.mx\\\/es\\\/#primaryimage\"},\"thumbnailUrl\":\"https:\\\/\\\/alterland.mx\\\/wp-content\\\/uploads\\\/2025\\\/04\\\/DSC_1375.jpg\",\"datePublished\":\"2025-04-06T00:12:04+00:00\",\"dateModified\":\"2025-08-05T00:08:43+00:00\",\"breadcrumb\":{\"@id\":\"https:\\\/\\\/alterland.mx\\\/es\\\/#breadcrumb\"},\"inLanguage\":\"es\",\"potentialAction\":[{\"@type\":\"ReadAction\",\"target\":[\"https:\\\/\\\/alterland.mx\\\/es\\\/\"]}]},{\"@type\":\"ImageObject\",\"inLanguage\":\"es\",\"@id\":\"https:\\\/\\\/alterland.mx\\\/es\\\/#primaryimage\",\"url\":\"https:\\\/\\\/alterland.mx\\\/wp-content\\\/uploads\\\/2025\\\/04\\\/DSC_1375.jpg\",\"contentUrl\":\"https:\\\/\\\/alterland.mx\\\/wp-content\\\/uploads\\\/2025\\\/04\\\/DSC_1375.jpg\",\"width\":2278,\"height\":2560},{\"@type\":\"BreadcrumbList\",\"@id\":\"https:\\\/\\\/alterland.mx\\\/es\\\/#breadcrumb\",\"itemListElement\":[{\"@type\":\"ListItem\",\"position\":1,\"name\":\"Inicio\",\"item\":\"https:\\\/\\\/alterland.mx\\\/es\\\/home\\\/\"},{\"@type\":\"ListItem\",\"position\":2,\"name\":\"Home\"}]},{\"@type\":\"WebSite\",\"@id\":\"https:\\\/\\\/alterland.mx\\\/es\\\/#website\",\"url\":\"https:\\\/\\\/alterland.mx\\\/es\\\/\",\"name\":\"ALTERLAND\",\"description\":\"\",\"publisher\":{\"@id\":\"https:\\\/\\\/alterland.mx\\\/es\\\/#organization\"},\"potentialAction\":[{\"@type\":\"SearchAction\",\"target\":{\"@type\":\"EntryPoint\",\"urlTemplate\":\"https:\\\/\\\/alterland.mx\\\/es\\\/?s={search_term_string}\"},\"query-input\":{\"@type\":\"PropertyValueSpecification\",\"valueRequired\":true,\"valueName\":\"search_term_string\"}}],\"inLanguage\":\"es\"},{\"@type\":\"Organization\",\"@id\":\"https:\\\/\\\/alterland.mx\\\/es\\\/#organization\",\"name\":\"ALTERLAND\",\"url\":\"https:\\\/\\\/alterland.mx\\\/es\\\/\",\"logo\":{\"@type\":\"ImageObject\",\"inLanguage\":\"es\",\"@id\":\"https:\\\/\\\/alterland.mx\\\/es\\\/#\\\/schema\\\/logo\\\/image\\\/\",\"url\":\"https:\\\/\\\/alterland.mx\\\/wp-content\\\/uploads\\\/2025\\\/04\\\/logorojo.svg\",\"contentUrl\":\"https:\\\/\\\/alterland.mx\\\/wp-content\\\/uploads\\\/2025\\\/04\\\/logorojo.svg\",\"caption\":\"ALTERLAND\"},\"image\":{\"@id\":\"https:\\\/\\\/alterland.mx\\\/es\\\/#\\\/schema\\\/logo\\\/image\\\/\"}}]}<\/script>\n<!-- \/ Yoast SEO plugin. -->","yoast_head_json":{"title":"ALTERLAND","robots":{"index":"index","follow":"follow","max-snippet":"max-snippet:-1","max-image-preview":"max-image-preview:large","max-video-preview":"max-video-preview:-1"},"canonical":"https:\/\/alterland.mx\/es\/","og_locale":"es_ES","og_type":"article","og_title":"ALTERLAND","og_description":"[vc_row css_animation=\u00bbfadeIn\u00bb full_width=\u00bbstretch_row_content_no_spaces\u00bb remove_bottom_col_margin=\u00bbtrue\u00bb el_class=\u00bbajo_100svh\u00bb wpex_bg_color=\u00bbpalette-125&#8243; min_height=\u00bb100svh\u00bb][vc_column][\/vc_column][\/vc_row][vc_row full_width=\u00bbstretch_row_content_no_spaces\u00bb content_placement=\u00bbmiddle\u00bb equal_height=\u00bbyes\u00bb remove_bottom_col_margin=\u00bbtrue\u00bb el_class=\u00bbajo_100svh ajo_dos_columnas\u00bb wpex_bg_overlay=\u00bbcustom\u00bb wpex_bg_overlay_color=\u00bbpalette-125&#8243; wpex_bg_overlay_opacity=\u00bb20%\u00bb][vc_column width=\u00bb1\/2&#8243; css=\u00bb.vc_custom_1744849190352{background-image: url(https:\/\/alterland.mx\/wp-content\/uploads\/2025\/04\/DSC_1387.jpg?id=129) !important;background-position: center !important;background-repeat: no-repeat !important;background-size: cover !important;}\u00bb wpex_bg_overlay=\u00bbcustom\u00bb wpex_bg_overlay_color=\u00bb#666666&#8243; wpex_bg_overlay_opacity=\u00bb30%\u00bb][\/vc_column][vc_column width=\u00bb1\/2&#8243; css=\u00bb.vc_custom_1744849202124{background-image: url(https:\/\/alterland.mx\/wp-content\/uploads\/2025\/04\/DSC_1375.jpg?id=127) !important;background-position: center !important;background-repeat: no-repeat !important;background-size: cover !important;}\u00bb wpex_bg_overlay=\u00bbcustom\u00bb wpex_bg_overlay_color=\u00bbpalette-125&#8243; wpex_bg_overlay_opacity=\u00bb30%\u00bb][\/vc_column][\/vc_row][vc_row full_width=\u00bbstretch_row_content_no_spaces\u00bb content_placement=\u00bbmiddle\u00bb remove_bottom_col_margin=\u00bbtrue\u00bb el_class=\u00bbajo_100svh ajo_dos_columnas\u00bb][vc_column width=\u00bb1\/2&#8243; css=\u00bb.vc_custom_1744852788876{background-position: center !important;background-repeat: no-repeat !important;background-size: cover !important;}\u00bb&hellip;","og_url":"https:\/\/alterland.mx\/es\/","og_site_name":"ALTERLAND","article_modified_time":"2025-08-05T00:08:43+00:00","og_image":[{"width":2278,"height":2560,"url":"https:\/\/alterland.mx\/wp-content\/uploads\/2025\/04\/DSC_1375.jpg","type":"image\/jpeg"}],"twitter_card":"summary_large_image","twitter_misc":{"Tiempo de lectura":"3 minutos"},"schema":{"@context":"https:\/\/schema.org","@graph":[{"@type":"WebPage","@id":"https:\/\/alterland.mx\/es\/","url":"https:\/\/alterland.mx\/es\/","name":"ALTERLAND","isPartOf":{"@id":"https:\/\/alterland.mx\/es\/#website"},"primaryImageOfPage":{"@id":"https:\/\/alterland.mx\/es\/#primaryimage"},"image":{"@id":"https:\/\/alterland.mx\/es\/#primaryimage"},"thumbnailUrl":"https:\/\/alterland.mx\/wp-content\/uploads\/2025\/04\/DSC_1375.jpg","datePublished":"2025-04-06T00:12:04+00:00","dateModified":"2025-08-05T00:08:43+00:00","breadcrumb":{"@id":"https:\/\/alterland.mx\/es\/#breadcrumb"},"inLanguage":"es","potentialAction":[{"@type":"ReadAction","target":["https:\/\/alterland.mx\/es\/"]}]},{"@type":"ImageObject","inLanguage":"es","@id":"https:\/\/alterland.mx\/es\/#primaryimage","url":"https:\/\/alterland.mx\/wp-content\/uploads\/2025\/04\/DSC_1375.jpg","contentUrl":"https:\/\/alterland.mx\/wp-content\/uploads\/2025\/04\/DSC_1375.jpg","width":2278,"height":2560},{"@type":"BreadcrumbList","@id":"https:\/\/alterland.mx\/es\/#breadcrumb","itemListElement":[{"@type":"ListItem","position":1,"name":"Inicio","item":"https:\/\/alterland.mx\/es\/home\/"},{"@type":"ListItem","position":2,"name":"Home"}]},{"@type":"WebSite","@id":"https:\/\/alterland.mx\/es\/#website","url":"https:\/\/alterland.mx\/es\/","name":"ALTERLAND","description":"","publisher":{"@id":"https:\/\/alterland.mx\/es\/#organization"},"potentialAction":[{"@type":"SearchAction","target":{"@type":"EntryPoint","urlTemplate":"https:\/\/alterland.mx\/es\/?s={search_term_string}"},"query-input":{"@type":"PropertyValueSpecification","valueRequired":true,"valueName":"search_term_string"}}],"inLanguage":"es"},{"@type":"Organization","@id":"https:\/\/alterland.mx\/es\/#organization","name":"ALTERLAND","url":"https:\/\/alterland.mx\/es\/","logo":{"@type":"ImageObject","inLanguage":"es","@id":"https:\/\/alterland.mx\/es\/#\/schema\/logo\/image\/","url":"https:\/\/alterland.mx\/wp-content\/uploads\/2025\/04\/logorojo.svg","contentUrl":"https:\/\/alterland.mx\/wp-content\/uploads\/2025\/04\/logorojo.svg","caption":"ALTERLAND"},"image":{"@id":"https:\/\/alterland.mx\/es\/#\/schema\/logo\/image\/"}}]}},"_links":{"self":[{"href":"https:\/\/alterland.mx\/es\/wp-json\/wp\/v2\/pages\/287","targetHints":{"allow":["GET"]}}],"collection":[{"href":"https:\/\/alterland.mx\/es\/wp-json\/wp\/v2\/pages"}],"about":[{"href":"https:\/\/alterland.mx\/es\/wp-json\/wp\/v2\/types\/page"}],"author":[{"embeddable":true,"href":"https:\/\/alterland.mx\/es\/wp-json\/wp\/v2\/users\/1"}],"replies":[{"embeddable":true,"href":"https:\/\/alterland.mx\/es\/wp-json\/wp\/v2\/comments?post=287"}],"version-history":[{"count":9,"href":"https:\/\/alterland.mx\/es\/wp-json\/wp\/v2\/pages\/287\/revisions"}],"predecessor-version":[{"id":388,"href":"https:\/\/alterland.mx\/es\/wp-json\/wp\/v2\/pages\/287\/revisions\/388"}],"wp:featuredmedia":[{"embeddable":true,"href":"https:\/\/alterland.mx\/es\/wp-json\/wp\/v2\/media\/128"}],"wp:attachment":[{"href":"https:\/\/alterland.mx\/es\/wp-json\/wp\/v2\/media?parent=287"}],"curies":[{"name":"wp","href":"https:\/\/api.w.org\/{rel}","templated":true}]}}