{"id":262,"date":"2025-04-16T17:08:22","date_gmt":"2025-04-16T23:08:22","guid":{"rendered":"https:\/\/alterland.mx\/renta-o-compra\/"},"modified":"2025-05-23T18:59:30","modified_gmt":"2025-05-24T00:59:30","slug":"renta-o-compra","status":"publish","type":"page","link":"https:\/\/alterland.mx\/es\/renta-o-compra\/","title":{"rendered":"VU\u00c9LVETE DUE\u00d1O"},"content":{"rendered":"<div class=\"wpb-content-wrapper\">[vc_row][vc_column]<div class=\"vcex-spacing wpex-w-100 wpex-clear\" style=\"height:3em;\"><\/div><div class=\"wpex-post-cards wpex-post-cards-template_216 wpex-relative\"><div class=\"wpex-post-cards-inner\"><div class=\"wpex-post-cards-loop wpex-post-cards-grid wpex-row wpex-clr\"><div class=\"wpex-post-cards-entry col col-1 span_1_of_1 post-261 type-projects\"><div class=\"wpex-card wpex-card-template_216\"><style>.vc_custom_1746582695574{background-position: center !important;background-repeat: no-repeat !important;background-size: cover !important;}.vc_custom_1746584061992{background-position: center !important;background-repeat: no-repeat !important;background-size: cover !important;}<\/style><div class=\"wpex-card-inner\"><div class=\"vc_row wpb_row vc_row-fluid vc_custom_1746582695574 vc_row-o-equal-height vc_row-o-content-middle vc_row-flex wpex-relative wpex-vc_row-gap-0 wpex-vc_row-has-fill wpex-vc_row-col-mb-0 wpex-vc_row-mx-0 typography-white\"><div class=\"wpb_column lafoto vc_column_container vc_col-sm-5 wpex-vc_col-has-fill wpex-has-overlay wpex-has-overlay--69e4ebc5ad5b5 wpex-relative\"><div style=\"background-image:url(https:\/\/alterland.mx\/wp-content\/uploads\/2025\/04\/MLG08286-1.jpeg)!important;\" class=\"vc_column-inner vc_custom_1746584061992\"><div class=\"wpex-bg-overlay-wrap wpex-absolute wpex-inset-0 wpex-rounded-inherit\"><style class=\"wpex-bg-overlay-css\">.wpex-has-overlay--69e4ebc5ad5b5 > .vc_column-inner > .wpex-bg-overlay-wrap .wpex-bg-overlay{background-color:var(--wpex-palette-125-color);opacity:35%;}<\/style><span class=\"wpex-bg-overlay custom wpex-absolute wpex-inset-0 wpex-rounded-inherit wpex-duration-500 wpex-opacity-60 wpex-bg-transparent\"><\/span><\/div><div class=\"wpb_wrapper\"><style>.vcex-heading.vcex_69e4ebc5adeeb{font-weight:400;text-transform:uppercase;margin-block-end:10px;}<\/style><h2 class=\"vcex-heading vcex-heading-plain vcex-module wpex-h2 wpex-text-center vcex_69e4ebc5adeeb\"><span class=\"vcex-heading-inner wpex-inline-block\">Mazul<\/span><\/h2><div class=\"vcex-spacing wpex-w-100 wpex-clear\" style=\"height:3em;\"><\/div><div class=\"vc_row wpb_row vc_inner vc_row-fluid card-links wpex-relative wpex-vc_row-col-mb-0\"><div class=\"wpb_column vc_column_container vc_col-sm-12\"><div class=\"vc_column-inner\"><div class=\"wpb_wrapper\"><style>.vcex-button.vcex_69e4ebc5b0f5c{font-size:var(--wpex-text-xl);}@media (max-width:767px){.vcex-button.vcex_69e4ebc5b0f5c{font-size:var(--wpex-text-lg);}}<\/style><style>.vcex_69e4ebc5b1a03{font-size:var(--wpex-text-xl)!important;}@media (max-width:767px){.vcex_69e4ebc5b1a03{font-size:var(--wpex-text-lg)!important;}}<\/style><a href=\"https:\/\/mazul.mx\/bookingstep1\/?idtokenprovider=100380322&#038;lang=es&#038;nights=1&#038;checkin=09%2F07%2F2025&#038;step=1&#038;home=https%3A%2F%2Fmazul.mx%2F&#038;currency=MXN&#038;parties=W3siYWR1bHRzIjoyLCJjaGlsZHJlbiI6W119XQ%3D%3D&#038;clientCode=\" class=\"vcex-button theme-txt-link wpex-inline-block inline vcex_69e4ebc5b1a03 vcex_69e4ebc5b0f5c\" target=\"_blank\" rel=\"nofollow noopener noreferrer\"><span class=\"vcex-button-inner theme-button-inner wpex-flex wpex-flex-wrap wpex-items-center wpex-justify-center\">RENTA<\/span><\/a> <style>.vcex-button.vcex_69e4ebc5b204d{font-size:var(--wpex-text-xl);}@media (max-width:767px){.vcex-button.vcex_69e4ebc5b204d{font-size:var(--wpex-text-lg);}}<\/style><style>.vcex_69e4ebc5b2453{font-size:var(--wpex-text-xl)!important;}@media (max-width:767px){.vcex_69e4ebc5b2453{font-size:var(--wpex-text-lg)!important;}}<\/style><a href=\"https:\/\/wa.link\/yty7tx\" class=\"vcex-button theme-txt-link wpex-inline-block inline vcex_69e4ebc5b2453 vcex_69e4ebc5b204d\" target=\"_blank\" rel=\"nofollow noopener noreferrer\"><span class=\"vcex-button-inner theme-button-inner wpex-flex wpex-flex-wrap wpex-items-center wpex-justify-center\">COMPRA<\/span><\/a> <\/div><\/div><\/div><\/div><\/div><\/div><\/div><div class=\"wpb_column ladescripcion vc_column_container vc_col-sm-5\"><div class=\"vc_column-inner\"><div class=\"wpb_wrapper\"><div class=\"vcex-spacing wpex-w-100 wpex-clear visible-phone\" style=\"height:1em;\"><\/div><style>.vcex-custom-field.vcex_69e4ebc5b2fc8,.vcex-custom-field.vcex_69e4ebc5b2fc8 a{color:var(--wpex-palette-29-color);}<\/style><div class=\"vcex-custom-field vcex-module wpex-clr  wpb_animate_when_almost_visible wpb_bottom-to-top bottom-to-top vcex_69e4ebc5b2fc8\">Un para\u00edso arquitect\u00f3nico ubicado en la costa de Santa Helena El Tule, Oaxaca, a solo 35 minutos del Aeropuerto de Puerto Escondido. Ofrece casas con vista al mar, alberca privada y terrazas. Con amplios terrenos de 450 m\u00b2 y 110 m\u00b2 de construcci\u00f3n, cada vivienda logra una integraci\u00f3n arm\u00f3nica entre arquitectura y paisaje. Los residentes disfrutan de acceso a un club de playa, actividades seleccionadas y casas listas para entrega.  <\/div><div class=\"vcex-spacing wpex-w-100 wpex-clear visible-phone\" style=\"height:3em;\"><\/div><\/div><\/div><\/div><\/div>\r\n<\/div><\/div><\/div><div class=\"wpex-post-cards-entry col col-1 span_1_of_1 post-259 type-projects\"><div class=\"wpex-card wpex-card-template_216\"><div class=\"wpex-card-inner\"><div class=\"vc_row wpb_row vc_row-fluid vc_custom_1746582695574 vc_row-o-equal-height vc_row-o-content-middle vc_row-flex wpex-relative wpex-vc_row-gap-0 wpex-vc_row-has-fill wpex-vc_row-col-mb-0 wpex-vc_row-mx-0 typography-white\"><div class=\"wpb_column lafoto vc_column_container vc_col-sm-5 wpex-vc_col-has-fill wpex-has-overlay wpex-has-overlay--69e4ebc5b41b9 wpex-relative\"><div style=\"background-image:url(https:\/\/alterland.mx\/wp-content\/uploads\/2025\/04\/10.jpeg)!important;\" class=\"vc_column-inner vc_custom_1746584061992\"><div class=\"wpex-bg-overlay-wrap wpex-absolute wpex-inset-0 wpex-rounded-inherit\"><style class=\"wpex-bg-overlay-css\">.wpex-has-overlay--69e4ebc5b41b9 > .vc_column-inner > .wpex-bg-overlay-wrap .wpex-bg-overlay{background-color:var(--wpex-palette-125-color);opacity:35%;}<\/style><span class=\"wpex-bg-overlay custom wpex-absolute wpex-inset-0 wpex-rounded-inherit wpex-duration-500 wpex-opacity-60 wpex-bg-transparent\"><\/span><\/div><div class=\"wpb_wrapper\"><style>.vcex-heading.vcex_69e4ebc5b464a{font-weight:400;text-transform:uppercase;margin-block-end:10px;}<\/style><h2 class=\"vcex-heading vcex-heading-plain vcex-module wpex-h2 wpex-text-center vcex_69e4ebc5b464a\"><span class=\"vcex-heading-inner wpex-inline-block\">Punta Morelos<\/span><\/h2><div class=\"vcex-spacing wpex-w-100 wpex-clear\" style=\"height:3em;\"><\/div><div class=\"vc_row wpb_row vc_inner vc_row-fluid card-links wpex-relative wpex-vc_row-col-mb-0\"><div class=\"wpb_column vc_column_container vc_col-sm-12\"><div class=\"vc_column-inner\"><div class=\"wpb_wrapper\"><style>.vcex-button.vcex_69e4ebc5b5057{font-size:var(--wpex-text-xl);}@media (max-width:767px){.vcex-button.vcex_69e4ebc5b5057{font-size:var(--wpex-text-lg);}}<\/style><style>.vcex_69e4ebc5b5135{font-size:var(--wpex-text-xl)!important;}@media (max-width:767px){.vcex_69e4ebc5b5135{font-size:var(--wpex-text-lg)!important;}}<\/style><a href=\"https:\/\/google.com\" class=\"vcex-button theme-txt-link wpex-inline-block inline vcex_69e4ebc5b5135 vcex_69e4ebc5b5057\" target=\"_blank\" rel=\"nofollow noopener noreferrer\"><span class=\"vcex-button-inner theme-button-inner wpex-flex wpex-flex-wrap wpex-items-center wpex-justify-center\">RENTA<\/span><\/a> <style>.vcex-button.vcex_69e4ebc5b5637{font-size:var(--wpex-text-xl);}@media (max-width:767px){.vcex-button.vcex_69e4ebc5b5637{font-size:var(--wpex-text-lg);}}<\/style><style>.vcex_69e4ebc5b56ec{font-size:var(--wpex-text-xl)!important;}@media (max-width:767px){.vcex_69e4ebc5b56ec{font-size:var(--wpex-text-lg)!important;}}<\/style><a href=\"https:\/\/wa.link\/6jb91n\" class=\"vcex-button theme-txt-link wpex-inline-block inline vcex_69e4ebc5b56ec vcex_69e4ebc5b5637\" target=\"_blank\" rel=\"nofollow noopener noreferrer\"><span class=\"vcex-button-inner theme-button-inner wpex-flex wpex-flex-wrap wpex-items-center wpex-justify-center\">COMPRA<\/span><\/a> <\/div><\/div><\/div><\/div><\/div><\/div><\/div><div class=\"wpb_column ladescripcion vc_column_container vc_col-sm-5\"><div class=\"vc_column-inner\"><div class=\"wpb_wrapper\"><div class=\"vcex-spacing wpex-w-100 wpex-clear visible-phone\" style=\"height:1em;\"><\/div><style>.vcex-custom-field.vcex_69e4ebc5b5f39,.vcex-custom-field.vcex_69e4ebc5b5f39 a{color:var(--wpex-palette-29-color);}<\/style><div class=\"vcex-custom-field vcex-module wpex-clr  wpb_animate_when_almost_visible wpb_bottom-to-top bottom-to-top vcex_69e4ebc5b5f39\">Desarrollo boutique en el coraz\u00f3n de Punta Zicatela, a unos pasos de restaurantes y tiendas. Presenta un conjunto limitado de lofts con terrazas privadas, alberca y vistas panor\u00e1micas. Su c\u00e1lida paleta de materiales y los espacios abiertos reflejan el ritmo relajado de la vida costera.<\/div><div class=\"vcex-spacing wpex-w-100 wpex-clear visible-phone\" style=\"height:3em;\"><\/div><\/div><\/div><\/div><\/div>\r\n<\/div><\/div><\/div><div class=\"wpex-post-cards-entry col col-1 span_1_of_1 post-260 type-projects\"><div class=\"wpex-card wpex-card-template_216\"><div class=\"wpex-card-inner\"><div class=\"vc_row wpb_row vc_row-fluid vc_custom_1746582695574 vc_row-o-equal-height vc_row-o-content-middle vc_row-flex wpex-relative wpex-vc_row-gap-0 wpex-vc_row-has-fill wpex-vc_row-col-mb-0 wpex-vc_row-mx-0 typography-white\"><div class=\"wpb_column lafoto vc_column_container vc_col-sm-5 wpex-vc_col-has-fill wpex-has-overlay wpex-has-overlay--69e4ebc5b64a0 wpex-relative\"><div style=\"background-image:url(https:\/\/alterland.mx\/wp-content\/uploads\/2025\/04\/007_Escorzo.jpg)!important;\" class=\"vc_column-inner vc_custom_1746584061992\"><div class=\"wpex-bg-overlay-wrap wpex-absolute wpex-inset-0 wpex-rounded-inherit\"><style class=\"wpex-bg-overlay-css\">.wpex-has-overlay--69e4ebc5b64a0 > .vc_column-inner > .wpex-bg-overlay-wrap .wpex-bg-overlay{background-color:var(--wpex-palette-125-color);opacity:35%;}<\/style><span class=\"wpex-bg-overlay custom wpex-absolute wpex-inset-0 wpex-rounded-inherit wpex-duration-500 wpex-opacity-60 wpex-bg-transparent\"><\/span><\/div><div class=\"wpb_wrapper\"><style>.vcex-heading.vcex_69e4ebc5b6800{font-weight:400;text-transform:uppercase;margin-block-end:10px;}<\/style><h2 class=\"vcex-heading vcex-heading-plain vcex-module wpex-h2 wpex-text-center vcex_69e4ebc5b6800\"><span class=\"vcex-heading-inner wpex-inline-block\">Mazul II<\/span><\/h2><style>.vcex-custom-field.vcex_69e4ebc5b6a4c{text-transform:uppercase;}<\/style><div class=\"vcex-custom-field vcex-module wpex-clr wpex-text-center vcex_69e4ebc5b6a4c\">PREVENTA - EN CONSTRUCCI\u00d3N<\/div><div class=\"vcex-spacing wpex-w-100 wpex-clear\" style=\"height:3em;\"><\/div><div class=\"vc_row wpb_row vc_inner vc_row-fluid card-links wpex-relative wpex-vc_row-col-mb-0\"><div class=\"wpb_column vc_column_container vc_col-sm-12\"><div class=\"vc_column-inner\"><div class=\"wpb_wrapper\"><style>.vcex-button.vcex_69e4ebc5b7588{font-size:var(--wpex-text-xl);}@media (max-width:767px){.vcex-button.vcex_69e4ebc5b7588{font-size:var(--wpex-text-lg);}}<\/style><style>.vcex_69e4ebc5b7637{font-size:var(--wpex-text-xl)!important;}@media (max-width:767px){.vcex_69e4ebc5b7637{font-size:var(--wpex-text-lg)!important;}}<\/style><a href=\"https:\/\/wa.link\/j8hwe9\" class=\"vcex-button theme-txt-link wpex-inline-block inline vcex_69e4ebc5b7637 vcex_69e4ebc5b7588\" target=\"_blank\" rel=\"nofollow noopener noreferrer\"><span class=\"vcex-button-inner theme-button-inner wpex-flex wpex-flex-wrap wpex-items-center wpex-justify-center\">COMPRA<\/span><\/a> <\/div><\/div><\/div><\/div><\/div><\/div><\/div><div class=\"wpb_column ladescripcion vc_column_container vc_col-sm-5\"><div class=\"vc_column-inner\"><div class=\"wpb_wrapper\"><div class=\"vcex-spacing wpex-w-100 wpex-clear visible-phone\" style=\"height:1em;\"><\/div><style>.vcex-custom-field.vcex_69e4ebc5b7dd8,.vcex-custom-field.vcex_69e4ebc5b7dd8 a{color:var(--wpex-palette-29-color);}<\/style><div class=\"vcex-custom-field vcex-module wpex-clr  wpb_animate_when_almost_visible wpb_bottom-to-top bottom-to-top vcex_69e4ebc5b7dd8\">La segunda fase de Mazul, actualmente en preventa, presenta ocho casas con vista al mar en terrenos de 300 m\u00b2. Con 167 m\u00b2 de construcci\u00f3n, cada residencia incluye terraza privada frente al oc\u00e9ano, plunge pool, rec\u00e1mara principal con vista al mar, cuarto de lavado y cl\u00f3sets integrados. Una propuesta de dise\u00f1o contempor\u00e1neo que se inspira en los materiales, el clima y el paisaje local.<\/div><div class=\"vcex-spacing wpex-w-100 wpex-clear visible-phone\" style=\"height:3em;\"><\/div><\/div><\/div><\/div><\/div>\r\n<\/div><\/div><\/div><\/div><\/div><\/div>[\/vc_column][\/vc_row]\n<\/div>","protected":false},"excerpt":{"rendered":"","protected":false},"author":1,"featured_media":0,"parent":0,"menu_order":0,"comment_status":"closed","ping_status":"closed","template":"","meta":{"_acf_changed":false,"footnotes":""},"class_list":["post-262","page","type-page","status-publish","hentry","entry","has-media"],"acf":[],"yoast_head":"<!-- This site is optimized with the Yoast SEO plugin v27.4 - https:\/\/yoast.com\/product\/yoast-seo-wordpress\/ -->\n<title>VU\u00c9LVETE DUE\u00d1O - ALTERLAND<\/title>\n<meta name=\"robots\" content=\"index, follow, max-snippet:-1, max-image-preview:large, max-video-preview:-1\" \/>\n<link rel=\"canonical\" href=\"https:\/\/alterland.mx\/es\/renta-o-compra\/\" \/>\n<meta property=\"og:locale\" content=\"es_ES\" \/>\n<meta property=\"og:type\" content=\"article\" \/>\n<meta property=\"og:title\" content=\"VU\u00c9LVETE DUE\u00d1O - ALTERLAND\" \/>\n<meta property=\"og:url\" content=\"https:\/\/alterland.mx\/es\/renta-o-compra\/\" \/>\n<meta property=\"og:site_name\" content=\"ALTERLAND\" \/>\n<meta property=\"article:modified_time\" content=\"2025-05-24T00:59:30+00:00\" \/>\n<meta name=\"twitter:card\" content=\"summary_large_image\" \/>\n<script type=\"application\/ld+json\" class=\"yoast-schema-graph\">{\"@context\":\"https:\\\/\\\/schema.org\",\"@graph\":[{\"@type\":\"WebPage\",\"@id\":\"https:\\\/\\\/alterland.mx\\\/es\\\/renta-o-compra\\\/\",\"url\":\"https:\\\/\\\/alterland.mx\\\/es\\\/renta-o-compra\\\/\",\"name\":\"VU\u00c9LVETE DUE\u00d1O - ALTERLAND\",\"isPartOf\":{\"@id\":\"https:\\\/\\\/alterland.mx\\\/es\\\/#website\"},\"datePublished\":\"2025-04-16T23:08:22+00:00\",\"dateModified\":\"2025-05-24T00:59:30+00:00\",\"breadcrumb\":{\"@id\":\"https:\\\/\\\/alterland.mx\\\/es\\\/renta-o-compra\\\/#breadcrumb\"},\"inLanguage\":\"es\",\"potentialAction\":[{\"@type\":\"ReadAction\",\"target\":[\"https:\\\/\\\/alterland.mx\\\/es\\\/renta-o-compra\\\/\"]}]},{\"@type\":\"BreadcrumbList\",\"@id\":\"https:\\\/\\\/alterland.mx\\\/es\\\/renta-o-compra\\\/#breadcrumb\",\"itemListElement\":[{\"@type\":\"ListItem\",\"position\":1,\"name\":\"Inicio\",\"item\":\"https:\\\/\\\/alterland.mx\\\/es\\\/home\\\/\"},{\"@type\":\"ListItem\",\"position\":2,\"name\":\"VU\u00c9LVETE DUE\u00d1O\"}]},{\"@type\":\"WebSite\",\"@id\":\"https:\\\/\\\/alterland.mx\\\/es\\\/#website\",\"url\":\"https:\\\/\\\/alterland.mx\\\/es\\\/\",\"name\":\"ALTERLAND\",\"description\":\"\",\"publisher\":{\"@id\":\"https:\\\/\\\/alterland.mx\\\/es\\\/#organization\"},\"potentialAction\":[{\"@type\":\"SearchAction\",\"target\":{\"@type\":\"EntryPoint\",\"urlTemplate\":\"https:\\\/\\\/alterland.mx\\\/es\\\/?s={search_term_string}\"},\"query-input\":{\"@type\":\"PropertyValueSpecification\",\"valueRequired\":true,\"valueName\":\"search_term_string\"}}],\"inLanguage\":\"es\"},{\"@type\":\"Organization\",\"@id\":\"https:\\\/\\\/alterland.mx\\\/es\\\/#organization\",\"name\":\"ALTERLAND\",\"url\":\"https:\\\/\\\/alterland.mx\\\/es\\\/\",\"logo\":{\"@type\":\"ImageObject\",\"inLanguage\":\"es\",\"@id\":\"https:\\\/\\\/alterland.mx\\\/es\\\/#\\\/schema\\\/logo\\\/image\\\/\",\"url\":\"https:\\\/\\\/alterland.mx\\\/wp-content\\\/uploads\\\/2025\\\/04\\\/logorojo.svg\",\"contentUrl\":\"https:\\\/\\\/alterland.mx\\\/wp-content\\\/uploads\\\/2025\\\/04\\\/logorojo.svg\",\"caption\":\"ALTERLAND\"},\"image\":{\"@id\":\"https:\\\/\\\/alterland.mx\\\/es\\\/#\\\/schema\\\/logo\\\/image\\\/\"}}]}<\/script>\n<!-- \/ Yoast SEO plugin. -->","yoast_head_json":{"title":"VU\u00c9LVETE DUE\u00d1O - ALTERLAND","robots":{"index":"index","follow":"follow","max-snippet":"max-snippet:-1","max-image-preview":"max-image-preview:large","max-video-preview":"max-video-preview:-1"},"canonical":"https:\/\/alterland.mx\/es\/renta-o-compra\/","og_locale":"es_ES","og_type":"article","og_title":"VU\u00c9LVETE DUE\u00d1O - ALTERLAND","og_url":"https:\/\/alterland.mx\/es\/renta-o-compra\/","og_site_name":"ALTERLAND","article_modified_time":"2025-05-24T00:59:30+00:00","twitter_card":"summary_large_image","schema":{"@context":"https:\/\/schema.org","@graph":[{"@type":"WebPage","@id":"https:\/\/alterland.mx\/es\/renta-o-compra\/","url":"https:\/\/alterland.mx\/es\/renta-o-compra\/","name":"VU\u00c9LVETE DUE\u00d1O - ALTERLAND","isPartOf":{"@id":"https:\/\/alterland.mx\/es\/#website"},"datePublished":"2025-04-16T23:08:22+00:00","dateModified":"2025-05-24T00:59:30+00:00","breadcrumb":{"@id":"https:\/\/alterland.mx\/es\/renta-o-compra\/#breadcrumb"},"inLanguage":"es","potentialAction":[{"@type":"ReadAction","target":["https:\/\/alterland.mx\/es\/renta-o-compra\/"]}]},{"@type":"BreadcrumbList","@id":"https:\/\/alterland.mx\/es\/renta-o-compra\/#breadcrumb","itemListElement":[{"@type":"ListItem","position":1,"name":"Inicio","item":"https:\/\/alterland.mx\/es\/home\/"},{"@type":"ListItem","position":2,"name":"VU\u00c9LVETE DUE\u00d1O"}]},{"@type":"WebSite","@id":"https:\/\/alterland.mx\/es\/#website","url":"https:\/\/alterland.mx\/es\/","name":"ALTERLAND","description":"","publisher":{"@id":"https:\/\/alterland.mx\/es\/#organization"},"potentialAction":[{"@type":"SearchAction","target":{"@type":"EntryPoint","urlTemplate":"https:\/\/alterland.mx\/es\/?s={search_term_string}"},"query-input":{"@type":"PropertyValueSpecification","valueRequired":true,"valueName":"search_term_string"}}],"inLanguage":"es"},{"@type":"Organization","@id":"https:\/\/alterland.mx\/es\/#organization","name":"ALTERLAND","url":"https:\/\/alterland.mx\/es\/","logo":{"@type":"ImageObject","inLanguage":"es","@id":"https:\/\/alterland.mx\/es\/#\/schema\/logo\/image\/","url":"https:\/\/alterland.mx\/wp-content\/uploads\/2025\/04\/logorojo.svg","contentUrl":"https:\/\/alterland.mx\/wp-content\/uploads\/2025\/04\/logorojo.svg","caption":"ALTERLAND"},"image":{"@id":"https:\/\/alterland.mx\/es\/#\/schema\/logo\/image\/"}}]}},"_links":{"self":[{"href":"https:\/\/alterland.mx\/es\/wp-json\/wp\/v2\/pages\/262","targetHints":{"allow":["GET"]}}],"collection":[{"href":"https:\/\/alterland.mx\/es\/wp-json\/wp\/v2\/pages"}],"about":[{"href":"https:\/\/alterland.mx\/es\/wp-json\/wp\/v2\/types\/page"}],"author":[{"embeddable":true,"href":"https:\/\/alterland.mx\/es\/wp-json\/wp\/v2\/users\/1"}],"replies":[{"embeddable":true,"href":"https:\/\/alterland.mx\/es\/wp-json\/wp\/v2\/comments?post=262"}],"version-history":[{"count":7,"href":"https:\/\/alterland.mx\/es\/wp-json\/wp\/v2\/pages\/262\/revisions"}],"predecessor-version":[{"id":375,"href":"https:\/\/alterland.mx\/es\/wp-json\/wp\/v2\/pages\/262\/revisions\/375"}],"wp:attachment":[{"href":"https:\/\/alterland.mx\/es\/wp-json\/wp\/v2\/media?parent=262"}],"curies":[{"name":"wp","href":"https:\/\/api.w.org\/{rel}","templated":true}]}}